{"id":179,"date":"2024-08-09T16:19:47","date_gmt":"2024-08-09T14:19:47","guid":{"rendered":"https:\/\/mysubli.com\/?page_id=179"},"modified":"2024-09-20T11:32:35","modified_gmt":"2024-09-20T09:32:35","slug":"mentions-legales","status":"publish","type":"page","link":"https:\/\/mysubli.com\/index.php\/mentions-legales\/","title":{"rendered":"Mentions l\u00e9gales"},"content":{"rendered":"\n<h2 class=\"wp-block-heading\">My Subli<\/h2>\n\n\n\n<p>SARL au capital de 1 000 \u20acAdresse : 43 Rue d&rsquo;Alen\u00e7on<\/p>\n\n\n\n<p>N\u00b0 SIRET : 752 514 497 R.C.S. CAEN<\/p>\n\n\n\n<h2 class=\"wp-block-heading\">DIRECTEUR DE LA PUBLICATION<\/h2>\n\n\n\n<p>Alexandre BANCE, Co-G\u00e9rant<\/p>\n\n\n\n<h2 class=\"wp-block-heading\">UTILISATION DES COOKIES<\/h2>\n\n\n\n<p>My Subli utilise des cookies \u00e0 des fins de statistiques ainsi que pour certaines fonctionnalit\u00e9s du site, notamment la gestion de votre panier de commande, les produits que vous avez consult\u00e9s, etc.<br>Un cookie est un fichier texte enregistr\u00e9 sur votre ordinateur via votre navigateur afin de permettre \u00e0 My Subli de ce souvenir de vous et vous proposer par exemple du contenu personnalis\u00e9 ou encore garder votre panier actif apr\u00e8s une fermeture de la page.<br>Vous avez la possibilit\u00e9 de bloquer l&rsquo;utilisation des cookies via votre navigateur, pour ce faire, cliquez sur le lien correspondant \u00e0 votre navigateur :<\/p>\n\n\n\n<ul class=\"wp-block-list\">\n<li>&#8211;\u00a0<a href=\"https:\/\/support.google.com\/chrome\/answer\/95647\" target=\"_blank\" rel=\"noreferrer noopener\">Google Chrome<\/a><\/li>\n\n\n\n<li>&#8211;\u00a0<a href=\"https:\/\/support.mozilla.org\/fr\/kb\/activer-desactiver-cookies?redirectlocale=fr&amp;redirectslug=Activer+et+d%C3%A9sactiver+les+cookies\" target=\"_blank\" rel=\"noreferrer noopener\">Firefox<\/a><\/li>\n\n\n\n<li>&#8211;\u00a0<a href=\"https:\/\/support.mozilla.org\/fr\/kb\/activer-desactiver-cookies?redirectlocale=fr&amp;redirectslug=Activer+et+d%C3%A9sactiver+les+cookies\" target=\"_blank\" rel=\"noreferrer noopener\">Internet Explorer<\/a><\/li>\n\n\n\n<li>&#8211;\u00a0<a href=\"https:\/\/support.apple.com\/kb\/PH19214?locale=fr_FR&amp;viewlocale=fr_FR\" target=\"_blank\" rel=\"noreferrer noopener\">Safari<\/a><\/li>\n<\/ul>\n\n\n\n<h2 class=\"wp-block-heading\">INFORMATIQUE ET LIBERT\u00c9S<\/h2>\n\n\n\n<p>Conform\u00e9ment \u00e0 la loi \u00ab informatique et libert\u00e9s \u00bb du 6 janvier 1978 modifi\u00e9e en 2004, vous b\u00e9n\u00e9ficiez d\u2019un droit d\u2019acc\u00e8s et de rectification aux informations qui vous concernent, par mail :\u00a0contact@mysubli.com\u00a0ou par courrier : My Subli &#8211; 43 Rue d&rsquo;Alen\u00e7on.<\/p>\n\n\n\n<p><\/p>\n","protected":false},"excerpt":{"rendered":"<p>My Subli SARL au capital de 1 000 \u20acAdresse : 43 Rue d&rsquo;Alen\u00e7on N\u00b0 SIRET : 752 514 497 R.C.S. CAEN DIRECTEUR DE LA PUBLICATION Alexandre BANCE, Co-G\u00e9rant UTILISATION DES COOKIES My Subli utilise des cookies \u00e0 des fins de statistiques ainsi que pour certaines fonctionnalit\u00e9s du site, notamment la gestion de votre panier de commande, les produits que vous avez consult\u00e9s, etc.Un cookie est un fichier texte enregistr\u00e9 sur votre ordinateur via votre navigateur afin de permettre \u00e0 My Subli de ce souvenir de vous et vous proposer par exemple du contenu personnalis\u00e9 ou encore garder votre panier actif apr\u00e8s une fermeture de la page.Vous avez la possibilit\u00e9 de bloquer l&rsquo;utilisation des cookies via votre navigateur, pour ce faire, cliquez sur le lien correspondant \u00e0 votre navigateur : INFORMATIQUE ET LIBERT\u00c9S Conform\u00e9ment \u00e0 la loi \u00ab informatique et libert\u00e9s \u00bb du 6 janvier 1978 modifi\u00e9e en 2004, vous b\u00e9n\u00e9ficiez d\u2019un droit d\u2019acc\u00e8s et de rectification aux informations qui vous concernent, par mail :\u00a0contact@mysubli.com\u00a0ou par courrier : My Subli &#8211; 43 Rue d&rsquo;Alen\u00e7on.<\/p>\n","protected":false},"author":1,"featured_media":0,"parent":0,"menu_order":0,"comment_status":"closed","ping_status":"closed","template":"","meta":{"footnotes":""},"class_list":["post-179","page","type-page","status-publish","hentry"],"_links":{"self":[{"href":"https:\/\/mysubli.com\/index.php\/wp-json\/wp\/v2\/pages\/179","targetHints":{"allow":["GET"]}}],"collection":[{"href":"https:\/\/mysubli.com\/index.php\/wp-json\/wp\/v2\/pages"}],"about":[{"href":"https:\/\/mysubli.com\/index.php\/wp-json\/wp\/v2\/types\/page"}],"author":[{"embeddable":true,"href":"https:\/\/mysubli.com\/index.php\/wp-json\/wp\/v2\/users\/1"}],"replies":[{"embeddable":true,"href":"https:\/\/mysubli.com\/index.php\/wp-json\/wp\/v2\/comments?post=179"}],"version-history":[{"count":3,"href":"https:\/\/mysubli.com\/index.php\/wp-json\/wp\/v2\/pages\/179\/revisions"}],"predecessor-version":[{"id":346,"href":"https:\/\/mysubli.com\/index.php\/wp-json\/wp\/v2\/pages\/179\/revisions\/346"}],"wp:attachment":[{"href":"https:\/\/mysubli.com\/index.php\/wp-json\/wp\/v2\/media?parent=179"}],"curies":[{"name":"wp","href":"https:\/\/api.w.org\/{rel}","templated":true}]}}