{"id":102,"date":"2024-08-08T09:48:04","date_gmt":"2024-08-08T07:48:04","guid":{"rendered":"https:\/\/mysubli.com\/?post_type=product&#038;p=102"},"modified":"2024-09-11T16:16:29","modified_gmt":"2024-09-11T14:16:29","slug":"coussin-sublimation","status":"publish","type":"product","link":"https:\/\/mysubli.com\/index.php\/produit\/coussin-sublimation\/","title":{"rendered":"Coussin sublimation"},"content":{"rendered":"<div class=\"description text-justify\">Coussin 40&#215;40 cm \u00e0 personnaliser en sublimation. Aucune limite de couleurs de marquage. Le d\u00e9lai de livraison est de 10 jours ouvr\u00e9s apr\u00e8s accord du bon \u00e0 tirer. Pas de frais technique. Nous pouvons r\u00e9aliser un marquage d&rsquo;un pr\u00e9nom ou autre texte par coussin<br \/>\nPrix marquage inclus.<br \/>\nD\u00e9lai de livraison : 2 \u00e0 4 jours ouvr\u00e9s<\/div>\n","protected":false},"excerpt":{"rendered":"<p>Coussin 40&#215;40 cm \u00e0 personnaliser en sublimation. Aucune limite de couleurs de marquage. Le d\u00e9lai de livraison est de 10 jours ouvr\u00e9s apr\u00e8s accord du bon \u00e0 tirer. Pas de frais technique. Nous pouvons r\u00e9aliser un marquage d&rsquo;un pr\u00e9nom ou autre texte par coussin Prix marquage inclus. D\u00e9lai de livraison : 2 \u00e0 4 jours ouvr\u00e9s<\/p>\n","protected":false},"featured_media":103,"template":"","meta":[],"product_brand":[],"product_cat":[25],"product_tag":[],"class_list":{"0":"post-102","1":"product","2":"type-product","3":"status-publish","4":"has-post-thumbnail","6":"product_cat-coussin-sublimation","8":"first","9":"instock","10":"taxable","11":"shipping-taxable","12":"product-type-simple"},"_links":{"self":[{"href":"https:\/\/mysubli.com\/index.php\/wp-json\/wp\/v2\/product\/102","targetHints":{"allow":["GET"]}}],"collection":[{"href":"https:\/\/mysubli.com\/index.php\/wp-json\/wp\/v2\/product"}],"about":[{"href":"https:\/\/mysubli.com\/index.php\/wp-json\/wp\/v2\/types\/product"}],"wp:featuredmedia":[{"embeddable":true,"href":"https:\/\/mysubli.com\/index.php\/wp-json\/wp\/v2\/media\/103"}],"wp:attachment":[{"href":"https:\/\/mysubli.com\/index.php\/wp-json\/wp\/v2\/media?parent=102"}],"wp:term":[{"taxonomy":"product_brand","embeddable":true,"href":"https:\/\/mysubli.com\/index.php\/wp-json\/wp\/v2\/product_brand?post=102"},{"taxonomy":"product_cat","embeddable":true,"href":"https:\/\/mysubli.com\/index.php\/wp-json\/wp\/v2\/product_cat?post=102"},{"taxonomy":"product_tag","embeddable":true,"href":"https:\/\/mysubli.com\/index.php\/wp-json\/wp\/v2\/product_tag?post=102"}],"curies":[{"name":"wp","href":"https:\/\/api.w.org\/{rel}","templated":true}]}}