{"id":106,"date":"2024-08-08T10:38:22","date_gmt":"2024-08-08T08:38:22","guid":{"rendered":"https:\/\/mysubli.com\/?post_type=product&#038;p=106"},"modified":"2024-09-25T13:10:12","modified_gmt":"2024-09-25T11:10:12","slug":"tasse-en-ceramique-spark","status":"publish","type":"product","link":"https:\/\/mysubli.com\/index.php\/produit\/tasse-en-ceramique-spark\/","title":{"rendered":"Tasse en c\u00e9ramique SPARK"},"content":{"rendered":"<div class=\"description text-justify\">Tasse en c\u00e9ramique SPARK \u00e0 personnaliser en sublimation. Voici un v\u00e9ritable r\u00e9gal pour les yeux de vos clients : le mug en c\u00e9ramique SPARK-, disponible en six couleurs \u00e0 paillettes diff\u00e9rentes. Il est id\u00e9al pour imprimer des textes ou graphiques de couleurs sombres. Aucune limite de couleurs de marquage. Le d\u00e9lai de livraison est de 10 jours ouvr\u00e9s apr\u00e8s accord du bon \u00e0 tirer. Pas de frais technique. Nous pouvons r\u00e9aliser un marquage d&rsquo;un pr\u00e9nom ou autre texte par mug<br \/>\nEncre adapt\u00e9e au contact alimentaire<br \/>\nPrix marquage inclus.<br \/>\nD\u00e9lai de livraison : 2 \u00e0 4 jours ouvr\u00e9s<\/div>\n","protected":false},"excerpt":{"rendered":"<p>Tasse en c\u00e9ramique SPARK \u00e0 personnaliser en sublimation. Voici un v\u00e9ritable r\u00e9gal pour les yeux de vos clients : le mug en c\u00e9ramique SPARK-, disponible en six couleurs \u00e0 paillettes diff\u00e9rentes. Il est id\u00e9al pour imprimer des textes ou graphiques de couleurs sombres. Aucune limite de couleurs de marquage. Le d\u00e9lai de livraison est de 10 jours ouvr\u00e9s apr\u00e8s accord du bon \u00e0 tirer. Pas de frais technique. Nous pouvons r\u00e9aliser un marquage d&rsquo;un pr\u00e9nom ou autre texte par mug Encre adapt\u00e9e au contact alimentaire Prix marquage inclus. D\u00e9lai de livraison : 2 \u00e0 4 jours ouvr\u00e9s<\/p>\n","protected":false},"featured_media":366,"template":"","meta":[],"product_brand":[],"product_cat":[26],"product_tag":[],"class_list":{"0":"post-106","1":"product","2":"type-product","3":"status-publish","4":"has-post-thumbnail","6":"product_cat-mug-en-ceramique-spark","8":"first","9":"instock","10":"taxable","11":"shipping-taxable","12":"product-type-simple"},"_links":{"self":[{"href":"https:\/\/mysubli.com\/index.php\/wp-json\/wp\/v2\/product\/106","targetHints":{"allow":["GET"]}}],"collection":[{"href":"https:\/\/mysubli.com\/index.php\/wp-json\/wp\/v2\/product"}],"about":[{"href":"https:\/\/mysubli.com\/index.php\/wp-json\/wp\/v2\/types\/product"}],"wp:featuredmedia":[{"embeddable":true,"href":"https:\/\/mysubli.com\/index.php\/wp-json\/wp\/v2\/media\/366"}],"wp:attachment":[{"href":"https:\/\/mysubli.com\/index.php\/wp-json\/wp\/v2\/media?parent=106"}],"wp:term":[{"taxonomy":"product_brand","embeddable":true,"href":"https:\/\/mysubli.com\/index.php\/wp-json\/wp\/v2\/product_brand?post=106"},{"taxonomy":"product_cat","embeddable":true,"href":"https:\/\/mysubli.com\/index.php\/wp-json\/wp\/v2\/product_cat?post=106"},{"taxonomy":"product_tag","embeddable":true,"href":"https:\/\/mysubli.com\/index.php\/wp-json\/wp\/v2\/product_tag?post=106"}],"curies":[{"name":"wp","href":"https:\/\/api.w.org\/{rel}","templated":true}]}}