{"id":246,"date":"2024-09-05T13:26:45","date_gmt":"2024-09-05T11:26:45","guid":{"rendered":"https:\/\/mysubli.com\/?post_type=product&#038;p=246"},"modified":"2024-09-11T16:25:34","modified_gmt":"2024-09-11T14:25:34","slug":"planche-a-decouper-en-verre-20x28-5cm-sublimation","status":"publish","type":"product","link":"https:\/\/mysubli.com\/index.php\/produit\/planche-a-decouper-en-verre-20x28-5cm-sublimation\/","title":{"rendered":"Planche \u00e0 d\u00e9couper en verre 20*28.5cm sublimation"},"content":{"rendered":"<p>Planche \u00e0 d\u00e9couper en verre 20&#215;28.5cm \u00e0 personnaliser en sublimation. Aucune limite de couleurs de marquage. Impression possible sur toute la surface. Le d\u00e9lai de livraison est de 10 jours ouvr\u00e9s apr\u00e8s accord du bon \u00e0 tirer. Pas de frais technique.<br \/>\nPrix marquage inclus.<br \/>\nD\u00e9lai de livraison : 2 \u00e0 4 jours ouvr\u00e9s<\/p>\n","protected":false},"excerpt":{"rendered":"<p>Planche \u00e0 d\u00e9couper en verre 20&#215;28.5cm \u00e0 personnaliser en sublimation. Aucune limite de couleurs de marquage. Impression possible sur toute la surface. Le d\u00e9lai de livraison est de 10 jours ouvr\u00e9s apr\u00e8s accord du bon \u00e0 tirer. Pas de frais technique. Prix marquage inclus. D\u00e9lai de livraison : 2 \u00e0 4 jours ouvr\u00e9s<\/p>\n","protected":false},"featured_media":249,"template":"","meta":[],"product_brand":[],"product_cat":[31],"product_tag":[],"class_list":{"0":"post-246","1":"product","2":"type-product","3":"status-publish","4":"has-post-thumbnail","6":"product_cat-planche-a-decouper-20x28","8":"first","9":"instock","10":"taxable","11":"shipping-taxable","12":"product-type-simple"},"_links":{"self":[{"href":"https:\/\/mysubli.com\/index.php\/wp-json\/wp\/v2\/product\/246","targetHints":{"allow":["GET"]}}],"collection":[{"href":"https:\/\/mysubli.com\/index.php\/wp-json\/wp\/v2\/product"}],"about":[{"href":"https:\/\/mysubli.com\/index.php\/wp-json\/wp\/v2\/types\/product"}],"wp:featuredmedia":[{"embeddable":true,"href":"https:\/\/mysubli.com\/index.php\/wp-json\/wp\/v2\/media\/249"}],"wp:attachment":[{"href":"https:\/\/mysubli.com\/index.php\/wp-json\/wp\/v2\/media?parent=246"}],"wp:term":[{"taxonomy":"product_brand","embeddable":true,"href":"https:\/\/mysubli.com\/index.php\/wp-json\/wp\/v2\/product_brand?post=246"},{"taxonomy":"product_cat","embeddable":true,"href":"https:\/\/mysubli.com\/index.php\/wp-json\/wp\/v2\/product_cat?post=246"},{"taxonomy":"product_tag","embeddable":true,"href":"https:\/\/mysubli.com\/index.php\/wp-json\/wp\/v2\/product_tag?post=246"}],"curies":[{"name":"wp","href":"https:\/\/api.w.org\/{rel}","templated":true}]}}