{"id":250,"date":"2024-09-05T13:42:09","date_gmt":"2024-09-05T11:42:09","guid":{"rendered":"https:\/\/mysubli.com\/?post_type=product&#038;p=250"},"modified":"2024-09-12T14:43:41","modified_gmt":"2024-09-12T12:43:41","slug":"porte-cles-sublimation","status":"publish","type":"product","link":"https:\/\/mysubli.com\/index.php\/produit\/porte-cles-sublimation\/","title":{"rendered":"Porte cl\u00e9s sublimation"},"content":{"rendered":"<p>Porte cl\u00e9s \u00e0 personnaliser en sublimation. Aucune limite de couleurs de marquage. Impression possible sur les deux faces. Forme : Rond, Rectangle, carr\u00e9 et coeur. Le d\u00e9lai de livraison est de 10 jours ouvr\u00e9s apr\u00e8s accord du bon \u00e0 tirer. Pas de frais technique.<br \/>\nPrix marquage inclus.<br \/>\nD\u00e9lai de livraison : 2 \u00e0 4 jours ouvr\u00e9s<\/p>\n","protected":false},"excerpt":{"rendered":"<p>Porte cl\u00e9s \u00e0 personnaliser en sublimation. Aucune limite de couleurs de marquage. Impression possible sur les deux faces. Forme : Rond, Rectangle, carr\u00e9 et coeur. Le d\u00e9lai de livraison est de 10 jours ouvr\u00e9s apr\u00e8s accord du bon \u00e0 tirer. Pas de frais technique. Prix marquage inclus. D\u00e9lai de livraison : 2 \u00e0 4 jours ouvr\u00e9s<\/p>\n","protected":false},"featured_media":256,"template":"","meta":[],"product_brand":[],"product_cat":[32],"product_tag":[],"class_list":{"0":"post-250","1":"product","2":"type-product","3":"status-publish","4":"has-post-thumbnail","6":"product_cat-porte-cles","8":"first","9":"instock","10":"taxable","11":"shipping-taxable","12":"product-type-simple"},"_links":{"self":[{"href":"https:\/\/mysubli.com\/index.php\/wp-json\/wp\/v2\/product\/250","targetHints":{"allow":["GET"]}}],"collection":[{"href":"https:\/\/mysubli.com\/index.php\/wp-json\/wp\/v2\/product"}],"about":[{"href":"https:\/\/mysubli.com\/index.php\/wp-json\/wp\/v2\/types\/product"}],"wp:featuredmedia":[{"embeddable":true,"href":"https:\/\/mysubli.com\/index.php\/wp-json\/wp\/v2\/media\/256"}],"wp:attachment":[{"href":"https:\/\/mysubli.com\/index.php\/wp-json\/wp\/v2\/media?parent=250"}],"wp:term":[{"taxonomy":"product_brand","embeddable":true,"href":"https:\/\/mysubli.com\/index.php\/wp-json\/wp\/v2\/product_brand?post=250"},{"taxonomy":"product_cat","embeddable":true,"href":"https:\/\/mysubli.com\/index.php\/wp-json\/wp\/v2\/product_cat?post=250"},{"taxonomy":"product_tag","embeddable":true,"href":"https:\/\/mysubli.com\/index.php\/wp-json\/wp\/v2\/product_tag?post=250"}],"curies":[{"name":"wp","href":"https:\/\/api.w.org\/{rel}","templated":true}]}}