{"id":279,"date":"2024-09-05T15:31:21","date_gmt":"2024-09-05T13:31:21","guid":{"rendered":"https:\/\/mysubli.com\/?post_type=product&#038;p=279"},"modified":"2024-09-12T14:41:59","modified_gmt":"2024-09-12T12:41:59","slug":"mug-en-ceramique-demi-bicolore-sublimation","status":"publish","type":"product","link":"https:\/\/mysubli.com\/index.php\/produit\/mug-en-ceramique-demi-bicolore-sublimation\/","title":{"rendered":"Mug en c\u00e9ramique demi bicolore sublimation"},"content":{"rendered":"<div class=\"description text-justify\">Tasse en c\u00e9ramique de haute qualit\u00e9 avec rev\u00eatement Orca original. Bord de tasse color\u00e9 et poign\u00e9e de couleur assortie : la couleur choisie peut compl\u00e9ter le motif ou renforcer l&rsquo;inscription imprim\u00e9e. Ce mug est particuli\u00e8rement adapt\u00e9 comme cadeau ou objet promotionnel pour des tirages photo de la plus haute qualit\u00e9. Disponible en 12 couleurs vives : une grande vari\u00e9t\u00e9 de couleurs pour une cr\u00e9ativit\u00e9 sans fin.<br \/>\nPrix marquage inclus.<br \/>\nD\u00e9lai de livraison : 2 \u00e0 4 jours ouvr\u00e9s<\/div>\n","protected":false},"excerpt":{"rendered":"<p>Tasse en c\u00e9ramique de haute qualit\u00e9 avec rev\u00eatement Orca original. Bord de tasse color\u00e9 et poign\u00e9e de couleur assortie : la couleur choisie peut compl\u00e9ter le motif ou renforcer l&rsquo;inscription imprim\u00e9e. Ce mug est particuli\u00e8rement adapt\u00e9 comme cadeau ou objet promotionnel pour des tirages photo de la plus haute qualit\u00e9. Disponible en 12 couleurs vives : une grande vari\u00e9t\u00e9 de couleurs pour une cr\u00e9ativit\u00e9 sans fin. Prix marquage inclus. D\u00e9lai de livraison : 2 \u00e0 4 jours ouvr\u00e9s<\/p>\n","protected":false},"featured_media":292,"template":"","meta":[],"product_brand":[],"product_cat":[33],"product_tag":[],"class_list":{"0":"post-279","1":"product","2":"type-product","3":"status-publish","4":"has-post-thumbnail","6":"product_cat-mug-bicolore-complet","8":"first","9":"instock","10":"taxable","11":"shipping-taxable","12":"product-type-simple"},"_links":{"self":[{"href":"https:\/\/mysubli.com\/index.php\/wp-json\/wp\/v2\/product\/279","targetHints":{"allow":["GET"]}}],"collection":[{"href":"https:\/\/mysubli.com\/index.php\/wp-json\/wp\/v2\/product"}],"about":[{"href":"https:\/\/mysubli.com\/index.php\/wp-json\/wp\/v2\/types\/product"}],"wp:featuredmedia":[{"embeddable":true,"href":"https:\/\/mysubli.com\/index.php\/wp-json\/wp\/v2\/media\/292"}],"wp:attachment":[{"href":"https:\/\/mysubli.com\/index.php\/wp-json\/wp\/v2\/media?parent=279"}],"wp:term":[{"taxonomy":"product_brand","embeddable":true,"href":"https:\/\/mysubli.com\/index.php\/wp-json\/wp\/v2\/product_brand?post=279"},{"taxonomy":"product_cat","embeddable":true,"href":"https:\/\/mysubli.com\/index.php\/wp-json\/wp\/v2\/product_cat?post=279"},{"taxonomy":"product_tag","embeddable":true,"href":"https:\/\/mysubli.com\/index.php\/wp-json\/wp\/v2\/product_tag?post=279"}],"curies":[{"name":"wp","href":"https:\/\/api.w.org\/{rel}","templated":true}]}}