{"id":294,"date":"2024-09-05T16:10:26","date_gmt":"2024-09-05T14:10:26","guid":{"rendered":"https:\/\/mysubli.com\/?post_type=product&#038;p=294"},"modified":"2024-09-12T14:27:59","modified_gmt":"2024-09-12T12:27:59","slug":"mug-en-ceramique-avec-cuillere","status":"publish","type":"product","link":"https:\/\/mysubli.com\/index.php\/produit\/mug-en-ceramique-avec-cuillere\/","title":{"rendered":"Mug en c\u00e9ramique avec cuill\u00e8re"},"content":{"rendered":"<div class=\"description text-justify\">\n<p>Tasse en c\u00e9ramique de haute qualit\u00e9 avec rev\u00eatement Orca original comprenant une cuill\u00e8re en c\u00e9ramique. Solution pratique avec un joli design. Le manche et la cuill\u00e8re sont de couleur coordonn\u00e9e aux 8 couleurs int\u00e9rieures disponibles de la tasse. La couleur choisie peut compl\u00e9ter votre motif ou renforcer votre inscription imprim\u00e9e. Ce mug est particuli\u00e8rement adapt\u00e9 comme cadeau ou objet promotionnel pour des tirages photo de la plus haute qualit\u00e9.<\/p>\n<p>Prix marquage inclus.<br \/>\nD\u00e9lai de livraison : 2 \u00e0 4 jours ouvr\u00e9s<\/p>\n<\/div>\n","protected":false},"excerpt":{"rendered":"<p>Tasse en c\u00e9ramique de haute qualit\u00e9 avec rev\u00eatement Orca original comprenant une cuill\u00e8re en c\u00e9ramique. Solution pratique avec un joli design. Le manche et la cuill\u00e8re sont de couleur coordonn\u00e9e aux 8 couleurs int\u00e9rieures disponibles de la tasse. La couleur choisie peut compl\u00e9ter votre motif ou renforcer votre inscription imprim\u00e9e. Ce mug est particuli\u00e8rement adapt\u00e9 comme cadeau ou objet promotionnel pour des tirages photo de la plus haute qualit\u00e9. Prix marquage inclus. D\u00e9lai de livraison : 2 \u00e0 4 jours ouvr\u00e9s<\/p>\n","protected":false},"featured_media":293,"template":"","meta":[],"product_brand":[],"product_cat":[35],"product_tag":[],"class_list":{"0":"post-294","1":"product","2":"type-product","3":"status-publish","4":"has-post-thumbnail","6":"product_cat-mug-cuillere","8":"first","9":"instock","10":"taxable","11":"shipping-taxable","12":"product-type-simple"},"_links":{"self":[{"href":"https:\/\/mysubli.com\/index.php\/wp-json\/wp\/v2\/product\/294","targetHints":{"allow":["GET"]}}],"collection":[{"href":"https:\/\/mysubli.com\/index.php\/wp-json\/wp\/v2\/product"}],"about":[{"href":"https:\/\/mysubli.com\/index.php\/wp-json\/wp\/v2\/types\/product"}],"wp:featuredmedia":[{"embeddable":true,"href":"https:\/\/mysubli.com\/index.php\/wp-json\/wp\/v2\/media\/293"}],"wp:attachment":[{"href":"https:\/\/mysubli.com\/index.php\/wp-json\/wp\/v2\/media?parent=294"}],"wp:term":[{"taxonomy":"product_brand","embeddable":true,"href":"https:\/\/mysubli.com\/index.php\/wp-json\/wp\/v2\/product_brand?post=294"},{"taxonomy":"product_cat","embeddable":true,"href":"https:\/\/mysubli.com\/index.php\/wp-json\/wp\/v2\/product_cat?post=294"},{"taxonomy":"product_tag","embeddable":true,"href":"https:\/\/mysubli.com\/index.php\/wp-json\/wp\/v2\/product_tag?post=294"}],"curies":[{"name":"wp","href":"https:\/\/api.w.org\/{rel}","templated":true}]}}