{"id":318,"date":"2024-09-11T15:30:43","date_gmt":"2024-09-11T13:30:43","guid":{"rendered":"https:\/\/mysubli.com\/?post_type=product&#038;p=318"},"modified":"2025-09-24T09:53:57","modified_gmt":"2025-09-24T07:53:57","slug":"mug-en-ceramique-mat","status":"publish","type":"product","link":"https:\/\/mysubli.com\/index.php\/produit\/mug-en-ceramique-mat\/","title":{"rendered":"Mug en c\u00e9ramique MAT"},"content":{"rendered":"<div class=\"description text-justify\">Mug en c\u00e9ramique sublimation. Mug 330 ml. Hauteur du mug : 9,7 cm. Impression en quadri sur toute la surface du mug. Marquage de haut en bas. Aucune limite de couleurs dans votre marquage. Photo, logo\u2026 Le d\u00e9lai de production est de 5 \u00e0 8 jours apr\u00e8s validation du BAT. L&rsquo;impression des mugs est r\u00e9alis\u00e9 par un ESAT dans notre atelier partenaire en Normandie. Le tarif comprend le marquage. Le panachage des visuels est possible par multiple de 12 tasses par visuel. Nous pouvons \u00e9galement r\u00e9aliser un marquage d&rsquo;un pr\u00e9nom ou autre texte par mug. Pas de frais technique. Frais de port en sus selon les quantit\u00e9s.<br \/>\nEncre adapt\u00e9e au contact alimentaire<br \/>\nPrix marquage inclus.<br \/>\nD\u00e9lai de livraison : 2 \u00e0 4 jours ouvr\u00e9s<\/div>\n","protected":false},"excerpt":{"rendered":"<p>Mug en c\u00e9ramique sublimation. Mug 330 ml. Hauteur du mug : 9,7 cm. Impression en quadri sur toute la surface du mug. Marquage de haut en bas. Aucune limite de couleurs dans votre marquage. Photo, logo\u2026 Le d\u00e9lai de production est de 5 \u00e0 8 jours apr\u00e8s validation du BAT. L&rsquo;impression des mugs est r\u00e9alis\u00e9 par un ESAT dans notre atelier partenaire en Normandie. Le tarif comprend le marquage. Le panachage des visuels est possible par multiple de 12 tasses par visuel. Nous pouvons \u00e9galement r\u00e9aliser un marquage d&rsquo;un pr\u00e9nom ou autre texte par mug. Pas de frais technique. Frais de port en sus selon les quantit\u00e9s. Encre adapt\u00e9e au contact alimentaire Prix marquage inclus. D\u00e9lai de livraison : 2 \u00e0 4 jours ouvr\u00e9s<\/p>\n","protected":false},"featured_media":70,"template":"","meta":[],"product_brand":[],"product_cat":[36],"product_tag":[],"class_list":{"0":"post-318","1":"product","2":"type-product","3":"status-publish","4":"has-post-thumbnail","6":"product_cat-mug-mat-sublimation","8":"first","9":"instock","10":"taxable","11":"shipping-taxable","12":"product-type-simple"},"_links":{"self":[{"href":"https:\/\/mysubli.com\/index.php\/wp-json\/wp\/v2\/product\/318","targetHints":{"allow":["GET"]}}],"collection":[{"href":"https:\/\/mysubli.com\/index.php\/wp-json\/wp\/v2\/product"}],"about":[{"href":"https:\/\/mysubli.com\/index.php\/wp-json\/wp\/v2\/types\/product"}],"wp:featuredmedia":[{"embeddable":true,"href":"https:\/\/mysubli.com\/index.php\/wp-json\/wp\/v2\/media\/70"}],"wp:attachment":[{"href":"https:\/\/mysubli.com\/index.php\/wp-json\/wp\/v2\/media?parent=318"}],"wp:term":[{"taxonomy":"product_brand","embeddable":true,"href":"https:\/\/mysubli.com\/index.php\/wp-json\/wp\/v2\/product_brand?post=318"},{"taxonomy":"product_cat","embeddable":true,"href":"https:\/\/mysubli.com\/index.php\/wp-json\/wp\/v2\/product_cat?post=318"},{"taxonomy":"product_tag","embeddable":true,"href":"https:\/\/mysubli.com\/index.php\/wp-json\/wp\/v2\/product_tag?post=318"}],"curies":[{"name":"wp","href":"https:\/\/api.w.org\/{rel}","templated":true}]}}