{"id":91,"date":"2024-08-07T14:06:57","date_gmt":"2024-08-07T12:06:57","guid":{"rendered":"https:\/\/mysubli.com\/?post_type=product&#038;p=91"},"modified":"2024-09-12T14:48:03","modified_gmt":"2024-09-12T12:48:03","slug":"sous-verre-sublimation","status":"publish","type":"product","link":"https:\/\/mysubli.com\/index.php\/produit\/sous-verre-sublimation\/","title":{"rendered":"Sous verre sublimation"},"content":{"rendered":"<p>Sous verre \u00e0 personnaliser en sublimation. Aucune limite de couleurs de marquage. Impression possible sur toute la surface. Forme : Rond et carr\u00e9. Le d\u00e9lai de livraison est de 10 jours ouvr\u00e9s apr\u00e8s accord du bon \u00e0 tirer. Pas de frais technique.<br \/>\nPrix marquage inclus.<br \/>\nD\u00e9lai de livraison : 2 \u00e0 4 jours ouvr\u00e9s<\/p>\n","protected":false},"excerpt":{"rendered":"<p>Sous verre \u00e0 personnaliser en sublimation. Aucune limite de couleurs de marquage. Impression possible sur toute la surface. Forme : Rond et carr\u00e9. Le d\u00e9lai de livraison est de 10 jours ouvr\u00e9s apr\u00e8s accord du bon \u00e0 tirer. Pas de frais technique. Prix marquage inclus. D\u00e9lai de livraison : 2 \u00e0 4 jours ouvr\u00e9s<\/p>\n","protected":false},"featured_media":92,"template":"","meta":[],"product_brand":[],"product_cat":[22],"product_tag":[],"class_list":{"0":"post-91","1":"product","2":"type-product","3":"status-publish","4":"has-post-thumbnail","6":"product_cat-sous-verre-sublimation","8":"first","9":"instock","10":"taxable","11":"shipping-taxable","12":"product-type-simple"},"_links":{"self":[{"href":"https:\/\/mysubli.com\/index.php\/wp-json\/wp\/v2\/product\/91","targetHints":{"allow":["GET"]}}],"collection":[{"href":"https:\/\/mysubli.com\/index.php\/wp-json\/wp\/v2\/product"}],"about":[{"href":"https:\/\/mysubli.com\/index.php\/wp-json\/wp\/v2\/types\/product"}],"wp:featuredmedia":[{"embeddable":true,"href":"https:\/\/mysubli.com\/index.php\/wp-json\/wp\/v2\/media\/92"}],"wp:attachment":[{"href":"https:\/\/mysubli.com\/index.php\/wp-json\/wp\/v2\/media?parent=91"}],"wp:term":[{"taxonomy":"product_brand","embeddable":true,"href":"https:\/\/mysubli.com\/index.php\/wp-json\/wp\/v2\/product_brand?post=91"},{"taxonomy":"product_cat","embeddable":true,"href":"https:\/\/mysubli.com\/index.php\/wp-json\/wp\/v2\/product_cat?post=91"},{"taxonomy":"product_tag","embeddable":true,"href":"https:\/\/mysubli.com\/index.php\/wp-json\/wp\/v2\/product_tag?post=91"}],"curies":[{"name":"wp","href":"https:\/\/api.w.org\/{rel}","templated":true}]}}